{"id":13676,"date":"2017-11-17T03:14:57","date_gmt":"2017-11-17T08:14:57","guid":{"rendered":"http:\/\/www.maisondesenfantsstroch.org\/?page_id=13676"},"modified":"2024-10-21T14:51:32","modified_gmt":"2024-10-21T18:51:32","slug":"benevolat-et-offres-demplois","status":"publish","type":"page","link":"http:\/\/www.maisondesenfantsstroch.org\/?page_id=13676","title":{"rendered":"B\u00e9n\u00e9volat"},"content":{"rendered":"<p>Nous avons besoin de vous!<\/p>\n<p>La mission de la Maison des Enfants de Saint-Roch ne pourrait se r\u00e9aliser sans un appui de taille : les b\u00e9n\u00e9voles!<\/p>\n<p><strong>En offrant un peu de temps,<\/strong> vous pouvez vraiment faire la diff\u00e9rence dans la vie d&rsquo;un enfant en contribuant \u00e0 sa r\u00e9ussite \u00e9ducative, personnelle et sociale.<\/p>\n<p>N&rsquo;attendez plus ! Contactez-nous au (418) 906-2324 ou \u00e9crivez \u00e0 :<\/p>\n<p><a href=\"mailto:anais@maisondesenfantsstroch.org\">charlotte@maisondesenfantsstroch.org<\/a>\u00a0 pour l\u2019aide aux devoirs<\/p>\n<p><a href=\"mailto:cassandra@maisondesenfantsstroch.org\">mahmoud@maisondesenfantsstroch.org<\/a>\u00a0 pour les activit\u00e9s socio-\u00e9ducatives du samedi matin<\/p>\n<p>Au plaisir de vous rencontrer,<\/p>\n<p>&#8212;<\/p>\n<p>Vous avez envie de vous impliquer autrement ? Nous voulons en savoir plus sur votre projet !<\/p>\n<p>Contactez la direction \u00e0 l\u2019adresse <a href=\"mailto:direction@maisondesenfantsstroch.org\">direction@maisondesenfantsstroch.org<\/a><\/p>\n","protected":false},"excerpt":{"rendered":"<p>Nous avons besoin de vous! La mission de la Maison des Enfants de Saint-Roch ne pourrait se r\u00e9aliser sans un appui de taille : les b\u00e9n\u00e9voles! En offrant un peu de temps, vous pouvez vraiment faire la diff\u00e9rence dans la &hellip; <\/p>\n","protected":false},"author":2,"featured_media":0,"parent":0,"menu_order":4,"comment_status":"closed","ping_status":"closed","template":"","meta":[],"_links":{"self":[{"href":"http:\/\/www.maisondesenfantsstroch.org\/index.php?rest_route=\/wp\/v2\/pages\/13676"}],"collection":[{"href":"http:\/\/www.maisondesenfantsstroch.org\/index.php?rest_route=\/wp\/v2\/pages"}],"about":[{"href":"http:\/\/www.maisondesenfantsstroch.org\/index.php?rest_route=\/wp\/v2\/types\/page"}],"author":[{"embeddable":true,"href":"http:\/\/www.maisondesenfantsstroch.org\/index.php?rest_route=\/wp\/v2\/users\/2"}],"replies":[{"embeddable":true,"href":"http:\/\/www.maisondesenfantsstroch.org\/index.php?rest_route=%2Fwp%2Fv2%2Fcomments&post=13676"}],"version-history":[{"count":37,"href":"http:\/\/www.maisondesenfantsstroch.org\/index.php?rest_route=\/wp\/v2\/pages\/13676\/revisions"}],"predecessor-version":[{"id":14530,"href":"http:\/\/www.maisondesenfantsstroch.org\/index.php?rest_route=\/wp\/v2\/pages\/13676\/revisions\/14530"}],"wp:attachment":[{"href":"http:\/\/www.maisondesenfantsstroch.org\/index.php?rest_route=%2Fwp%2Fv2%2Fmedia&parent=13676"}],"curies":[{"name":"wp","href":"https:\/\/api.w.org\/{rel}","templated":true}]}}