{"id":13879,"date":"2018-08-23T11:11:11","date_gmt":"2018-08-23T15:11:11","guid":{"rendered":"http:\/\/www.maisondesenfantsstroch.org\/?page_id=13879"},"modified":"2023-03-06T12:26:05","modified_gmt":"2023-03-06T17:26:05","slug":"comment-faire-un-don","status":"publish","type":"page","link":"http:\/\/www.maisondesenfantsstroch.org\/?page_id=13879","title":{"rendered":"<font color=\"#11C337\">Faites un don<\/font>"},"content":{"rendered":"<p>Fa\u00e7ons de faire un don:<\/p>\n<ul>\n<li><strong style=\"font-size: inherit;\">Par la poste ou en personne : <\/strong><span style=\"font-size: inherit;\">Maison des Enfants de Saint-Roch, 792, rue du Roi, Qu\u00e9bec (Qu\u00e9bec) G1K 2X7<\/span><\/li>\n<li>En remplissant <strong>le formulaire de don<\/strong>:<\/li>\n<\/ul>\n<p><script id=\"ch_cdn_embed\" type=\"text\/javascript\" src=\"https:\/\/www.canadahelps.org\/secure\/js\/cdf_embed.js\" charset=\"utf-8\" data-language=\"fr\" data-page-id=\"47530\" data-root-url=\"https:\/\/www.canadahelps.org\" data-formtype=\"0\" data-cfasync=\"false\"><\/script><br \/>\nNous acceptons aussi les dons de mat\u00e9riel scolaire, mat\u00e9riel artistique, jeux de soci\u00e9t\u00e9 et livres en bon \u00e9tat.<\/p>\n","protected":false},"excerpt":{"rendered":"<p>Fa\u00e7ons de faire un don: Par la poste ou en personne : Maison des Enfants de Saint-Roch, 792, rue du Roi, Qu\u00e9bec (Qu\u00e9bec) G1K 2X7 En remplissant le formulaire de don: Nous acceptons aussi les dons de mat\u00e9riel scolaire, mat\u00e9riel &hellip; <\/p>\n","protected":false},"author":2,"featured_media":0,"parent":0,"menu_order":2,"comment_status":"closed","ping_status":"closed","template":"","meta":[],"_links":{"self":[{"href":"http:\/\/www.maisondesenfantsstroch.org\/index.php?rest_route=\/wp\/v2\/pages\/13879"}],"collection":[{"href":"http:\/\/www.maisondesenfantsstroch.org\/index.php?rest_route=\/wp\/v2\/pages"}],"about":[{"href":"http:\/\/www.maisondesenfantsstroch.org\/index.php?rest_route=\/wp\/v2\/types\/page"}],"author":[{"embeddable":true,"href":"http:\/\/www.maisondesenfantsstroch.org\/index.php?rest_route=\/wp\/v2\/users\/2"}],"replies":[{"embeddable":true,"href":"http:\/\/www.maisondesenfantsstroch.org\/index.php?rest_route=%2Fwp%2Fv2%2Fcomments&post=13879"}],"version-history":[{"count":9,"href":"http:\/\/www.maisondesenfantsstroch.org\/index.php?rest_route=\/wp\/v2\/pages\/13879\/revisions"}],"predecessor-version":[{"id":14394,"href":"http:\/\/www.maisondesenfantsstroch.org\/index.php?rest_route=\/wp\/v2\/pages\/13879\/revisions\/14394"}],"wp:attachment":[{"href":"http:\/\/www.maisondesenfantsstroch.org\/index.php?rest_route=%2Fwp%2Fv2%2Fmedia&parent=13879"}],"curies":[{"name":"wp","href":"https:\/\/api.w.org\/{rel}","templated":true}]}}