{"id":13887,"date":"2018-08-23T11:19:35","date_gmt":"2018-08-23T15:19:35","guid":{"rendered":"http:\/\/www.maisondesenfantsstroch.org\/?page_id=13887"},"modified":"2023-04-19T18:17:45","modified_gmt":"2023-04-19T22:17:45","slug":"notre-histoire","status":"publish","type":"page","link":"http:\/\/www.maisondesenfantsstroch.org\/?page_id=13887","title":{"rendered":"Bref historique"},"content":{"rendered":"\n<div class=\"wp-container-1 wp-block-group\"><div class=\"wp-block-group__inner-container\">\n<p>La Maison des Enfants de St-Roch a \u00e9t\u00e9 fond\u00e9e par les Religieuses de J\u00e9sus-Marie en 1995.<br>En 1994, S. Diane Fortier, S. Pauline Madigan, S. Fran\u00e7oise Lachance et S. Jeanne Vermette s\u2019\u00e9tablissent au 345, rue Monseigneur-Gauvreau avec le d\u00e9sir de vivre une plus grande solidarit\u00e9 envers les d\u00e9munis, plus particuli\u00e8rement les enfants.<br>S. Diane Fortier, qui travaille alors \u00e0 la Pastorale de l\u2019\u00e9cole des Berges, d\u00e9c\u00e8le rapidement de grandes difficult\u00e9s chez les enfants. Elle r\u00e9unit les parents des et discutent avec eux pour conna\u00eetre leurs besoins et leurs d\u00e9sirs.<br>En 1995, elle d\u00e9bute l&rsquo;organisation d&rsquo;activit\u00e9s r\u00e9cr\u00e9atives pour ces enfants, les samedis, \u00e0 la r\u00e9sidence des s\u0153urs. En 1996, elle commence un projet d\u2019aide aux devoirs et en 1997, une maison est achet\u00e9e pour ce projet, o\u00f9 se tiennent aujourd\u2019hui nos activit\u00e9s, au 792, rue du Roi. <\/p>\n\n\n\n<p>Depuis 2021, la Maison des enfants de St-Roch est d\u00e9sormais un organisme de bienfaisance la\u00efque. Consultez la section \u00ab\u00a0services\u00a0\u00bb pour en conna\u00eetre davantage!<\/p>\n<\/div><\/div>\n","protected":false},"excerpt":{"rendered":"<p>La Maison des Enfants de St-Roch a \u00e9t\u00e9 fond\u00e9e par les Religieuses de J\u00e9sus-Marie en 1995.En 1994, S. Diane Fortier, S. Pauline Madigan, S. Fran\u00e7oise Lachance et S. Jeanne Vermette s\u2019\u00e9tablissent au 345, rue Monseigneur-Gauvreau avec le d\u00e9sir de vivre &hellip; <\/p>\n","protected":false},"author":2,"featured_media":0,"parent":0,"menu_order":0,"comment_status":"closed","ping_status":"closed","template":"","meta":[],"_links":{"self":[{"href":"http:\/\/www.maisondesenfantsstroch.org\/index.php?rest_route=\/wp\/v2\/pages\/13887"}],"collection":[{"href":"http:\/\/www.maisondesenfantsstroch.org\/index.php?rest_route=\/wp\/v2\/pages"}],"about":[{"href":"http:\/\/www.maisondesenfantsstroch.org\/index.php?rest_route=\/wp\/v2\/types\/page"}],"author":[{"embeddable":true,"href":"http:\/\/www.maisondesenfantsstroch.org\/index.php?rest_route=\/wp\/v2\/users\/2"}],"replies":[{"embeddable":true,"href":"http:\/\/www.maisondesenfantsstroch.org\/index.php?rest_route=%2Fwp%2Fv2%2Fcomments&post=13887"}],"version-history":[{"count":6,"href":"http:\/\/www.maisondesenfantsstroch.org\/index.php?rest_route=\/wp\/v2\/pages\/13887\/revisions"}],"predecessor-version":[{"id":14424,"href":"http:\/\/www.maisondesenfantsstroch.org\/index.php?rest_route=\/wp\/v2\/pages\/13887\/revisions\/14424"}],"wp:attachment":[{"href":"http:\/\/www.maisondesenfantsstroch.org\/index.php?rest_route=%2Fwp%2Fv2%2Fmedia&parent=13887"}],"curies":[{"name":"wp","href":"https:\/\/api.w.org\/{rel}","templated":true}]}}