{"id":13891,"date":"2018-08-23T11:20:46","date_gmt":"2018-08-23T15:20:46","guid":{"rendered":"http:\/\/www.maisondesenfantsstroch.org\/?page_id=13891"},"modified":"2023-03-06T11:54:45","modified_gmt":"2023-03-06T16:54:45","slug":"conseil-dadministration-et-personnel","status":"publish","type":"page","link":"http:\/\/www.maisondesenfantsstroch.org\/?page_id=13891","title":{"rendered":"<font color=\"#11C337\">Conseil d&rsquo;administration<\/font>"},"content":{"rendered":"<h4 style=\"text-align: center;\"><strong>Membres du conseil d&rsquo;administration 2022-2023<\/strong><\/h4>\n<p style=\"text-align: center;\"><strong>Elisabeth Viry <\/strong><span style=\"color: #c8cbc8;\">Pr\u00e9sidente<\/span><\/p>\n<p style=\"text-align: center;\"><strong>Claudine Harvey <\/strong><span style=\"color: #c8cbc8;\">Vice-pr\u00e9sidente<\/span><\/p>\n<p style=\"text-align: center;\"><strong>Pierre Morissette <\/strong><span style=\"color: #c8cbc8;\">Tr\u00e9sorier<\/span><\/p>\n<p style=\"text-align: center;\"><strong>Marie-Anne Comtois <\/strong><span style=\"color: #c8cbc8;\">Secr\u00e9taire<\/span><\/p>\n<p style=\"text-align: center;\"><strong>Gina Tremblay <\/strong><span style=\"color: #c8cbc8;\">Administratrice<\/span><\/p>\n<p style=\"text-align: center;\"><strong>Bobby Rioux <\/strong><span style=\"color: #c8cbc8;\">Administratrice<\/span><\/p>\n","protected":false},"excerpt":{"rendered":"<p>Membres du conseil d&rsquo;administration 2022-2023 Elisabeth Viry Pr\u00e9sidente Claudine Harvey Vice-pr\u00e9sidente Pierre Morissette Tr\u00e9sorier Marie-Anne Comtois Secr\u00e9taire Gina Tremblay Administratrice Bobby Rioux Administratrice<\/p>\n","protected":false},"author":2,"featured_media":0,"parent":0,"menu_order":0,"comment_status":"closed","ping_status":"closed","template":"","meta":[],"_links":{"self":[{"href":"http:\/\/www.maisondesenfantsstroch.org\/index.php?rest_route=\/wp\/v2\/pages\/13891"}],"collection":[{"href":"http:\/\/www.maisondesenfantsstroch.org\/index.php?rest_route=\/wp\/v2\/pages"}],"about":[{"href":"http:\/\/www.maisondesenfantsstroch.org\/index.php?rest_route=\/wp\/v2\/types\/page"}],"author":[{"embeddable":true,"href":"http:\/\/www.maisondesenfantsstroch.org\/index.php?rest_route=\/wp\/v2\/users\/2"}],"replies":[{"embeddable":true,"href":"http:\/\/www.maisondesenfantsstroch.org\/index.php?rest_route=%2Fwp%2Fv2%2Fcomments&post=13891"}],"version-history":[{"count":14,"href":"http:\/\/www.maisondesenfantsstroch.org\/index.php?rest_route=\/wp\/v2\/pages\/13891\/revisions"}],"predecessor-version":[{"id":14366,"href":"http:\/\/www.maisondesenfantsstroch.org\/index.php?rest_route=\/wp\/v2\/pages\/13891\/revisions\/14366"}],"wp:attachment":[{"href":"http:\/\/www.maisondesenfantsstroch.org\/index.php?rest_route=%2Fwp%2Fv2%2Fmedia&parent=13891"}],"curies":[{"name":"wp","href":"https:\/\/api.w.org\/{rel}","templated":true}]}}