{"id":16,"date":"2012-05-23T20:28:48","date_gmt":"2012-05-23T20:28:48","guid":{"rendered":"http:\/\/www.maisondesenfantsstroch.org\/?page_id=16"},"modified":"2024-10-21T14:52:32","modified_gmt":"2024-10-21T18:52:32","slug":"nos-services","status":"publish","type":"page","link":"http:\/\/www.maisondesenfantsstroch.org\/?page_id=16","title":{"rendered":"<font color=\"#11C337\">Nos services<\/font>"},"content":{"rendered":"\n<p>Notre offre de services diversifi\u00e9e a un impact positif sur le parcours de vie des enfants rejoints favorisant ainsi la pers\u00e9v\u00e9rance scolaire, la motivation, leur d\u00e9veloppement personnel et social ainsi que leur participation sociale communautaire.<\/p>\n\n\n\n<h4><strong>Aide aux devoirs et le\u00e7ons<\/strong><\/h4>\n\n\n<ul>\n<li>Pour les enfants de l&rsquo;\u00e9cole Des Berges, de la 1\u00e8re \u00e0 la 4e ann\u00e9e<\/li>\n<li>Du lundi au jeudi, de 15h30 \u00e0 17h00, durant la p\u00e9riode scolaire<\/li>\n<\/ul>\n<p>Pour obtenir plus d&rsquo;informations, contactez notre coordonnatrice p\u00e9dagogique : Ana\u00efs Comp\u00e9rot (418) 906-2324 ou anais@maisondesenfantsstroch.org &nbsp; &nbsp; &nbsp; &nbsp; &nbsp; &nbsp; &nbsp; &nbsp; &nbsp; &nbsp; &nbsp; &nbsp; &nbsp; &nbsp; &nbsp; &nbsp; &nbsp; &nbsp; &nbsp; &nbsp; &nbsp; &nbsp; &nbsp; &nbsp; &nbsp; &nbsp; &nbsp; &nbsp; &nbsp; &nbsp; &nbsp; &nbsp; &nbsp; &nbsp; &nbsp; &nbsp; &nbsp; &nbsp; &nbsp; &nbsp; &nbsp; &nbsp; &nbsp; &nbsp; &nbsp; &nbsp; &nbsp; &nbsp; &nbsp; &nbsp; &nbsp; &nbsp; &nbsp; &nbsp; &nbsp; &nbsp; &nbsp; &nbsp; &nbsp; &nbsp; &nbsp; &nbsp; &nbsp; &nbsp; &nbsp; &nbsp; &nbsp; &nbsp; &nbsp; &nbsp; &nbsp; &nbsp; &nbsp; &nbsp;<\/p>\n\n\n\n<figure class=\"wp-block-image size-large is-resized\"><img loading=\"lazy\" src=\"http:\/\/www.maisondesenfantsstroch.org\/wp-content\/uploads\/2020\/09\/IMG_4715-edited-scaled.jpg\" alt=\"\" class=\"wp-image-14140\" width=\"410\" height=\"256\" srcset=\"http:\/\/www.maisondesenfantsstroch.org\/wp-content\/uploads\/2020\/09\/IMG_4715-edited-scaled.jpg 2560w, http:\/\/www.maisondesenfantsstroch.org\/wp-content\/uploads\/2020\/09\/IMG_4715-edited-300x188.jpg 300w, http:\/\/www.maisondesenfantsstroch.org\/wp-content\/uploads\/2020\/09\/IMG_4715-edited-1024x640.jpg 1024w, http:\/\/www.maisondesenfantsstroch.org\/wp-content\/uploads\/2020\/09\/IMG_4715-edited-768x480.jpg 768w, http:\/\/www.maisondesenfantsstroch.org\/wp-content\/uploads\/2020\/09\/IMG_4715-edited-1536x960.jpg 1536w, http:\/\/www.maisondesenfantsstroch.org\/wp-content\/uploads\/2020\/09\/IMG_4715-edited-2048x1280.jpg 2048w\" sizes=\"(max-width: 410px) 100vw, 410px\" \/><\/figure>\n\n\n\n<p><\/p>\n\n\n\n<h4><strong>Activit\u00e9s du samedi<\/strong><\/h4>\n\n\n\n<p>Nous offrons des ateliers et activit\u00e9s socio-\u00e9ducatives tels que de la lecture, des jeux \u00e9ducatifs, du bricolage, du dessin, de la cuisine, du th\u00e9\u00e2tre, des jeux au gymnase, des sorties et plus encore. Ces activit\u00e9s sont gratuites et ouvertes \u00e0 tous les enfants de 6 \u00e0 12 ans du quartier Saint-Roch.<\/p>\n\n\n\n<ul><li>Pour les enfants de 6 \u00e012 ans du quartier Saint-Roch<\/li><li>Les samedis de 9h00 \u00e0 12h00 durant la p\u00e9riode scolaire<\/li><\/ul>\n\n\n\n<p>Pour obtenir plus d&rsquo;informations, contactez notre animateur-intervenant : Mahmoud Sylla \u00e0 mahmoud@maisondesenfantsstroch.org \u00a0 \u00a0 \u00a0<\/p>\n\n\n\n<figure class=\"wp-block-image size-large is-resized\"><img loading=\"lazy\" src=\"http:\/\/www.maisondesenfantsstroch.org\/wp-content\/uploads\/2020\/09\/IMG_4382-edited-1.jpg\" alt=\"\" class=\"wp-image-14143\" width=\"279\" height=\"372\" srcset=\"http:\/\/www.maisondesenfantsstroch.org\/wp-content\/uploads\/2020\/09\/IMG_4382-edited-1.jpg 1234w, http:\/\/www.maisondesenfantsstroch.org\/wp-content\/uploads\/2020\/09\/IMG_4382-edited-1-225x300.jpg 225w, http:\/\/www.maisondesenfantsstroch.org\/wp-content\/uploads\/2020\/09\/IMG_4382-edited-1-768x1024.jpg 768w, http:\/\/www.maisondesenfantsstroch.org\/wp-content\/uploads\/2020\/09\/IMG_4382-edited-1-1152x1536.jpg 1152w\" sizes=\"(max-width: 279px) 100vw, 279px\" \/><\/figure>\n\n\n\n<p><\/p>\n\n\n\n<h4><strong>Camp de jour &#8211; \u00c9t\u00e9 202<\/strong>4<\/h4>\n\n\n\n<p>Un camp sera offert gratuitement \u00e0 l&rsquo;\u00e9t\u00e9 2025 ! Ce camp permettra aux enfants de se divertir, de bouger, de d\u00e9couvrir, de partager avec leurs pairs et d&rsquo;apprendre par l&rsquo;entremise d&rsquo;une foule d&rsquo;activit\u00e9s. Ce camp permet \u00e9galement aux enfants de maintenir les acquis scolaire et ainsi, favorise la pers\u00e9v\u00e9rance scolaire. <\/p>\n\n\n\n<p>&nbsp; &nbsp; &nbsp; &nbsp; &nbsp; &nbsp; &nbsp; &nbsp; &nbsp; &nbsp; &nbsp; &nbsp;<\/p>\n\n\n\n<figure class=\"wp-block-image size-large is-resized\"><a href=\"http:\/\/www.maisondesenfantsstroch.org\/wp-content\/uploads\/2023\/04\/IMG_0667-scaled.jpg\"><img loading=\"lazy\" src=\"http:\/\/www.maisondesenfantsstroch.org\/wp-content\/uploads\/2023\/04\/IMG_0667-1024x768.jpg\" alt=\"\" class=\"wp-image-14429\" width=\"521\" height=\"391\" srcset=\"http:\/\/www.maisondesenfantsstroch.org\/wp-content\/uploads\/2023\/04\/IMG_0667-1024x768.jpg 1024w, http:\/\/www.maisondesenfantsstroch.org\/wp-content\/uploads\/2023\/04\/IMG_0667-300x225.jpg 300w, http:\/\/www.maisondesenfantsstroch.org\/wp-content\/uploads\/2023\/04\/IMG_0667-768x576.jpg 768w, http:\/\/www.maisondesenfantsstroch.org\/wp-content\/uploads\/2023\/04\/IMG_0667-1536x1152.jpg 1536w, http:\/\/www.maisondesenfantsstroch.org\/wp-content\/uploads\/2023\/04\/IMG_0667-2048x1536.jpg 2048w\" sizes=\"(max-width: 521px) 100vw, 521px\" \/><\/a><\/figure>\n","protected":false},"excerpt":{"rendered":"<p>Notre offre de services diversifi\u00e9e a un impact positif sur le parcours de vie des enfants rejoints favorisant ainsi la pers\u00e9v\u00e9rance scolaire, la motivation, leur d\u00e9veloppement personnel et social ainsi que leur participation sociale communautaire. Aide aux devoirs et le\u00e7ons &hellip; <\/p>\n","protected":false},"author":2,"featured_media":0,"parent":0,"menu_order":0,"comment_status":"closed","ping_status":"closed","template":"","meta":[],"_links":{"self":[{"href":"http:\/\/www.maisondesenfantsstroch.org\/index.php?rest_route=\/wp\/v2\/pages\/16"}],"collection":[{"href":"http:\/\/www.maisondesenfantsstroch.org\/index.php?rest_route=\/wp\/v2\/pages"}],"about":[{"href":"http:\/\/www.maisondesenfantsstroch.org\/index.php?rest_route=\/wp\/v2\/types\/page"}],"author":[{"embeddable":true,"href":"http:\/\/www.maisondesenfantsstroch.org\/index.php?rest_route=\/wp\/v2\/users\/2"}],"replies":[{"embeddable":true,"href":"http:\/\/www.maisondesenfantsstroch.org\/index.php?rest_route=%2Fwp%2Fv2%2Fcomments&post=16"}],"version-history":[{"count":56,"href":"http:\/\/www.maisondesenfantsstroch.org\/index.php?rest_route=\/wp\/v2\/pages\/16\/revisions"}],"predecessor-version":[{"id":14531,"href":"http:\/\/www.maisondesenfantsstroch.org\/index.php?rest_route=\/wp\/v2\/pages\/16\/revisions\/14531"}],"wp:attachment":[{"href":"http:\/\/www.maisondesenfantsstroch.org\/index.php?rest_route=%2Fwp%2Fv2%2Fmedia&parent=16"}],"curies":[{"name":"wp","href":"https:\/\/api.w.org\/{rel}","templated":true}]}}