{"id":18,"date":"2012-05-23T20:29:06","date_gmt":"2012-05-23T20:29:06","guid":{"rendered":"http:\/\/www.maisondesenfantsstroch.org\/?page_id=18"},"modified":"2024-10-21T14:33:14","modified_gmt":"2024-10-21T18:33:14","slug":"contact","status":"publish","type":"page","link":"http:\/\/www.maisondesenfantsstroch.org\/?page_id=18","title":{"rendered":"<font color=\"#11C337\">Nous joindre<\/font>"},"content":{"rendered":"<h4><strong>Pour nous joindre<\/strong><\/h4>\n\n<p><strong>Ana\u00efs Comp\u00e9rot<\/strong><br \/>Coordination g\u00e9n\u00e9rale<br \/>direction@maisondesenfantsstroch.org<\/p>\n<p><strong>Charlotte Hamel<\/strong><br \/>Aide aux devoirs<br \/>charlotte@maisondesenfantsstroch.org<\/p>\n<p><strong>Mahmoud Sylla<\/strong><br \/>Activit\u00e9s du samedi<br \/>mahmoud@maisondesenfantsstroch.org \u00a0<\/p>\n<p><strong>Camille Pilote<br \/><\/strong>Projets communautaires<br \/>coordo.projets@maisondesenfantsstroch.org<\/p>\n<p><strong>Laurie P. Nkurunziza<br \/><\/strong>Travail de milieu\u00a0<br \/>laurie@maisondesenfantsstroch.org<\/p>\n<p>\u00a0<\/p>\n<hr \/>\n<p><strong><br \/>Maison des enfants de St-Roch<br \/><\/strong>792 Rue du Roi<br \/>Qu\u00e9bec, Qu\u00e9bec<br \/>G1K 2X7<\/p>\n<p>(418)906-2324<\/p>\n\n\n<hr class=\"wp-block-separator\"\/>\n\n\n\n<figure><iframe loading=\"lazy\" src=\"https:\/\/www.google.com\/maps\/embed?pb=!1m18!1m12!1m3!1d2730.3720848096095!2d-71.2219363848844!3d46.81667355020286!2m3!1f0!2f0!3f0!3m2!1i1024!2i768!4f13.1!3m3!1m2!1s0x4cb8967361e2e89f%3A0x630fd9c2993c65ca!2s792+Rue+du+Roi%2C+Ville+de+Qu%C3%A9bec%2C+QC+G1K+2X7!5e0!3m2!1sfr!2sca!4v1511121664566\" width=\"600\" height=\"450\" allowfullscreen=\"allowfullscreen\"><\/iframe><\/figure>\n","protected":false},"excerpt":{"rendered":"<p>Ana\u00efs Comp\u00e9rotCoordination g\u00e9n\u00e9raledirection@maisondesenfantsstroch.org Charlotte HamelAide aux devoirscharlotte@maisondesenfantsstroch.org Mahmoud SyllaActivit\u00e9s du samedimahmoud@maisondesenfantsstroch.org \u00a0 Camille PiloteProjets communautairescoordo.projets@maisondesenfantsstroch.org Laurie P. NkurunzizaTravail de milieu\u00a0laurie@maisondesenfantsstroch.org \u00a0 Maison des enfants de St-Roch792 Rue du RoiQu\u00e9bec, Qu\u00e9becG1K 2X7 (418)906-2324<\/p>\n","protected":false},"author":2,"featured_media":0,"parent":0,"menu_order":6,"comment_status":"closed","ping_status":"closed","template":"","meta":[],"_links":{"self":[{"href":"http:\/\/www.maisondesenfantsstroch.org\/index.php?rest_route=\/wp\/v2\/pages\/18"}],"collection":[{"href":"http:\/\/www.maisondesenfantsstroch.org\/index.php?rest_route=\/wp\/v2\/pages"}],"about":[{"href":"http:\/\/www.maisondesenfantsstroch.org\/index.php?rest_route=\/wp\/v2\/types\/page"}],"author":[{"embeddable":true,"href":"http:\/\/www.maisondesenfantsstroch.org\/index.php?rest_route=\/wp\/v2\/users\/2"}],"replies":[{"embeddable":true,"href":"http:\/\/www.maisondesenfantsstroch.org\/index.php?rest_route=%2Fwp%2Fv2%2Fcomments&post=18"}],"version-history":[{"count":64,"href":"http:\/\/www.maisondesenfantsstroch.org\/index.php?rest_route=\/wp\/v2\/pages\/18\/revisions"}],"predecessor-version":[{"id":14517,"href":"http:\/\/www.maisondesenfantsstroch.org\/index.php?rest_route=\/wp\/v2\/pages\/18\/revisions\/14517"}],"wp:attachment":[{"href":"http:\/\/www.maisondesenfantsstroch.org\/index.php?rest_route=%2Fwp%2Fv2%2Fmedia&parent=18"}],"curies":[{"name":"wp","href":"https:\/\/api.w.org\/{rel}","templated":true}]}}